{"id":487,"date":"2024-08-12T12:29:38","date_gmt":"2024-08-12T10:29:38","guid":{"rendered":"https:\/\/www.sprachkurse-mrueegg.ch\/?page_id=487"},"modified":"2024-10-29T11:56:18","modified_gmt":"2024-10-29T10:56:18","slug":"mentions-legales","status":"publish","type":"page","link":"https:\/\/www.sprachkurse-mrueegg.ch\/fr\/mentions-legales\/","title":{"rendered":"Mentions l\u00e9gales"},"content":{"rendered":"\t\t<div data-elementor-type=\"wp-page\" data-elementor-id=\"487\" class=\"elementor elementor-487 elementor-485\" data-elementor-post-type=\"page\">\n\t\t\t\t<div class=\"elementor-element elementor-element-436ec35 e-flex e-con-boxed e-con e-parent\" data-id=\"436ec35\" data-element_type=\"container\" data-e-type=\"container\" data-settings=\"{&quot;background_background&quot;:&quot;classic&quot;}\">\n\t\t\t\t\t<div class=\"e-con-inner\">\n\t\t<div class=\"elementor-element elementor-element-571ff64 e-con-full e-flex e-con e-child\" data-id=\"571ff64\" data-element_type=\"container\" data-e-type=\"container\">\n\t\t\t\t<div class=\"elementor-element elementor-element-f3133c2 elementor-widget elementor-widget-heading\" data-id=\"f3133c2\" data-element_type=\"widget\" data-e-type=\"widget\" data-widget_type=\"heading.default\">\n\t\t\t\t<div class=\"elementor-widget-container\">\n\t\t\t\t\t<h1 class=\"elementor-heading-title elementor-size-default\">Mentions l\u00e9gales<\/h1>\t\t\t\t<\/div>\n\t\t\t\t<\/div>\n\t\t\t\t<\/div>\n\t\t\t\t\t<\/div>\n\t\t\t\t<\/div>\n\t\t<div class=\"elementor-element elementor-element-231bbe7c e-flex e-con-boxed e-con e-parent\" data-id=\"231bbe7c\" data-element_type=\"container\" data-e-type=\"container\" data-settings=\"{&quot;background_background&quot;:&quot;classic&quot;}\">\n\t\t\t\t\t<div class=\"e-con-inner\">\n\t\t<div class=\"elementor-element elementor-element-30585059 e-con-full e-flex e-con e-child\" data-id=\"30585059\" data-element_type=\"container\" data-e-type=\"container\">\n\t\t\t\t<div class=\"elementor-element elementor-element-f59efaf elementor-widget elementor-widget-heading\" data-id=\"f59efaf\" data-element_type=\"widget\" data-e-type=\"widget\" data-widget_type=\"heading.default\">\n\t\t\t\t<div class=\"elementor-widget-container\">\n\t\t\t\t\t<h2 class=\"elementor-heading-title elementor-size-default\">Adresse de contact<\/h2>\t\t\t\t<\/div>\n\t\t\t\t<\/div>\n\t\t\t\t<div class=\"elementor-element elementor-element-55067d8a elementor-widget elementor-widget-text-editor\" data-id=\"55067d8a\" data-element_type=\"widget\" data-e-type=\"widget\" data-widget_type=\"text-editor.default\">\n\t\t\t\t<div class=\"elementor-widget-container\">\n\t\t\t\t\t\t\t\t\t<p>Cours de langues M. R\u00fcegg<br \/>Michael R\u00fcegg<br \/>Rue du Nord 23<br \/>3960 Muraz \/ Sierre<\/p><p>Email: info@sprachkurse-mrueegg.ch<br \/>Tel: +41 78 710 76 25<\/p>\t\t\t\t\t\t\t\t<\/div>\n\t\t\t\t<\/div>\n\t\t\t\t<\/div>\n\t\t\t\t\t<\/div>\n\t\t\t\t<\/div>\n\t\t<div class=\"elementor-element elementor-element-ca85bd4 e-flex e-con-boxed e-con e-parent\" data-id=\"ca85bd4\" data-element_type=\"container\" data-e-type=\"container\" data-settings=\"{&quot;background_background&quot;:&quot;classic&quot;}\">\n\t\t\t\t\t<div class=\"e-con-inner\">\n\t\t<div class=\"elementor-element elementor-element-125f897 e-con-full e-flex e-con e-child\" data-id=\"125f897\" data-element_type=\"container\" data-e-type=\"container\">\n\t\t\t\t<div class=\"elementor-element elementor-element-88ef2ca elementor-widget elementor-widget-heading\" data-id=\"88ef2ca\" data-element_type=\"widget\" data-e-type=\"widget\" data-widget_type=\"heading.default\">\n\t\t\t\t<div class=\"elementor-widget-container\">\n\t\t\t\t\t<h2 class=\"elementor-heading-title elementor-size-default\">Personne autoris\u00e9e \u00e0 repr\u00e9senter<\/h2>\t\t\t\t<\/div>\n\t\t\t\t<\/div>\n\t\t\t\t<div class=\"elementor-element elementor-element-3a61bb4 elementor-widget elementor-widget-text-editor\" data-id=\"3a61bb4\" data-element_type=\"widget\" data-e-type=\"widget\" data-widget_type=\"text-editor.default\">\n\t\t\t\t<div class=\"elementor-widget-container\">\n\t\t\t\t\t\t\t\t\t<p>Michael R\u00fcegg &#8211; Propri\u00e9taire<\/p>\n\t\t\t\t\t\t\t\t<\/div>\n\t\t\t\t<\/div>\n\t\t\t\t<\/div>\n\t\t\t\t\t<\/div>\n\t\t\t\t<\/div>\n\t\t<div class=\"elementor-element elementor-element-085de47 e-flex e-con-boxed e-con e-parent\" data-id=\"085de47\" data-element_type=\"container\" data-e-type=\"container\" data-settings=\"{&quot;background_background&quot;:&quot;classic&quot;}\">\n\t\t\t\t\t<div class=\"e-con-inner\">\n\t\t<div class=\"elementor-element elementor-element-7df6a3f e-con-full e-flex e-con e-child\" data-id=\"7df6a3f\" data-element_type=\"container\" data-e-type=\"container\">\n\t\t\t\t<div class=\"elementor-element elementor-element-4d9ed07 elementor-widget elementor-widget-heading\" data-id=\"4d9ed07\" data-element_type=\"widget\" data-e-type=\"widget\" data-widget_type=\"heading.default\">\n\t\t\t\t<div class=\"elementor-widget-container\">\n\t\t\t\t\t<h2 class=\"elementor-heading-title elementor-size-default\">Clause de non-responsabilit\u00e9<\/h2>\t\t\t\t<\/div>\n\t\t\t\t<\/div>\n\t\t\t\t<div class=\"elementor-element elementor-element-4a93f8f elementor-widget elementor-widget-text-editor\" data-id=\"4a93f8f\" data-element_type=\"widget\" data-e-type=\"widget\" data-widget_type=\"text-editor.default\">\n\t\t\t\t<div class=\"elementor-widget-container\">\n\t\t\t\t\t\t\t\t\t<p>L&rsquo;auteur ne garantit en aucune mani\u00e8re l&rsquo;exactitude, la pr\u00e9cision, l&rsquo;actualit\u00e9, la fiabilit\u00e9 ou l&rsquo;exhaustivit\u00e9 des informations.<\/p>\n<p>Toute responsabilit\u00e9 de l&rsquo;auteur pour des dommages mat\u00e9riels ou immat\u00e9riels r\u00e9sultant de l&rsquo;acc\u00e8s ou de l&rsquo;utilisation, ou de l&rsquo;impossibilit\u00e9 d&rsquo;utiliser les informations publi\u00e9es, de l&rsquo;abus de la connexion ou de dysfonctionnements techniques est exclue.<\/p>\n<p>Toutes les offres sont sans engagement. L&rsquo;auteur se r\u00e9serve express\u00e9ment le droit de modifier, de compl\u00e9ter, de supprimer ou de cesser temporairement ou d\u00e9finitivement la publication de tout ou partie des pages ou de l&rsquo;offre sans pr\u00e9avis.<\/p>\n\t\t\t\t\t\t\t\t<\/div>\n\t\t\t\t<\/div>\n\t\t\t\t<\/div>\n\t\t\t\t\t<\/div>\n\t\t\t\t<\/div>\n\t\t<div class=\"elementor-element elementor-element-af82036 e-flex e-con-boxed e-con e-parent\" data-id=\"af82036\" data-element_type=\"container\" data-e-type=\"container\" data-settings=\"{&quot;background_background&quot;:&quot;classic&quot;}\">\n\t\t\t\t\t<div class=\"e-con-inner\">\n\t\t<div class=\"elementor-element elementor-element-615d75d e-con-full e-flex e-con e-child\" data-id=\"615d75d\" data-element_type=\"container\" data-e-type=\"container\">\n\t\t\t\t<div class=\"elementor-element elementor-element-e8850e4 elementor-widget elementor-widget-heading\" data-id=\"e8850e4\" data-element_type=\"widget\" data-e-type=\"widget\" data-widget_type=\"heading.default\">\n\t\t\t\t<div class=\"elementor-widget-container\">\n\t\t\t\t\t<h2 class=\"elementor-heading-title elementor-size-default\">Clause de non-responsabilit\u00e9 pour les liens<\/h2>\t\t\t\t<\/div>\n\t\t\t\t<\/div>\n\t\t\t\t<div class=\"elementor-element elementor-element-9354a03 elementor-widget elementor-widget-text-editor\" data-id=\"9354a03\" data-element_type=\"widget\" data-e-type=\"widget\" data-widget_type=\"text-editor.default\">\n\t\t\t\t<div class=\"elementor-widget-container\">\n\t\t\t\t\t\t\t\t\t<p>Les r\u00e9f\u00e9rences et liens vers des sites Internet de tiers sont hors de notre responsabilit\u00e9. Toute responsabilit\u00e9 pour de tels sites est rejet\u00e9e. L&rsquo;acc\u00e8s et l&rsquo;utilisation de tels sites se font aux risques et p\u00e9rils de l&rsquo;utilisateur.<\/p>\n\t\t\t\t\t\t\t\t<\/div>\n\t\t\t\t<\/div>\n\t\t\t\t<\/div>\n\t\t\t\t\t<\/div>\n\t\t\t\t<\/div>\n\t\t<div class=\"elementor-element elementor-element-8296a4f e-flex e-con-boxed e-con e-parent\" data-id=\"8296a4f\" data-element_type=\"container\" data-e-type=\"container\" data-settings=\"{&quot;background_background&quot;:&quot;classic&quot;}\">\n\t\t\t\t\t<div class=\"e-con-inner\">\n\t\t<div class=\"elementor-element elementor-element-f6a9ae0 e-con-full e-flex e-con e-child\" data-id=\"f6a9ae0\" data-element_type=\"container\" data-e-type=\"container\">\n\t\t\t\t<div class=\"elementor-element elementor-element-e212292 elementor-widget elementor-widget-heading\" data-id=\"e212292\" data-element_type=\"widget\" data-e-type=\"widget\" data-widget_type=\"heading.default\">\n\t\t\t\t<div class=\"elementor-widget-container\">\n\t\t\t\t\t<h2 class=\"elementor-heading-title elementor-size-default\">Droits d'auteur<\/h2>\t\t\t\t<\/div>\n\t\t\t\t<\/div>\n\t\t\t\t<div class=\"elementor-element elementor-element-b822775 elementor-widget elementor-widget-text-editor\" data-id=\"b822775\" data-element_type=\"widget\" data-e-type=\"widget\" data-widget_type=\"text-editor.default\">\n\t\t\t\t<div class=\"elementor-widget-container\">\n\t\t\t\t\t\t\t\t\t<p>Les droits d&rsquo;auteur et tous les autres droits sur les contenus, images, photos ou autres fichiers pr\u00e9sents sur ce site Internet appartiennent exclusivement \u00e0 l&rsquo;entreprise \u00ab\u00a0Cours de langues M. R\u00fcegg\u00a0\u00bb ou aux d\u00e9tenteurs de droits sp\u00e9cifiquement mentionn\u00e9s. Pour la reproduction de tout \u00e9l\u00e9ment, l&rsquo;accord \u00e9crit du d\u00e9tenteur des droits d&rsquo;auteur doit \u00eatre obtenu au pr\u00e9alable.<br \/>Les images sur ce site Internet ont soit \u00e9t\u00e9 prises par nous-m\u00eames, soit achet\u00e9es sous licence chez Adobe Stock.<\/p><p>Source: <a href=\"https:\/\/www.swissanwalt.ch\/\">SwissAnwalt<\/a><\/p>\t\t\t\t\t\t\t\t<\/div>\n\t\t\t\t<\/div>\n\t\t\t\t<\/div>\n\t\t\t\t\t<\/div>\n\t\t\t\t<\/div>\n\t\t\t\t<\/div>\n\t\t","protected":false},"excerpt":{"rendered":"<p>Mentions l\u00e9gales Adresse de contact Cours de langues M. R\u00fceggMichael R\u00fceggRue du Nord 233960 Muraz \/ Sierre Email: info@sprachkurse-mrueegg.chTel: +41 78 710 76 25 Personne autoris\u00e9e \u00e0 repr\u00e9senter Michael R\u00fcegg &#8211; Propri\u00e9taire Clause de non-responsabilit\u00e9 L&rsquo;auteur ne garantit en aucune mani\u00e8re l&rsquo;exactitude, la pr\u00e9cision, l&rsquo;actualit\u00e9, la fiabilit\u00e9 ou l&rsquo;exhaustivit\u00e9 des informations. Toute responsabilit\u00e9 de l&rsquo;auteur [&hellip;]<\/p>\n","protected":false},"author":1,"featured_media":0,"parent":0,"menu_order":0,"comment_status":"closed","ping_status":"closed","template":"","meta":{"footnotes":""},"class_list":["post-487","page","type-page","status-publish","hentry"],"yoast_head":"<!-- This site is optimized with the Yoast SEO plugin v27.3 - https:\/\/yoast.com\/product\/yoast-seo-wordpress\/ -->\n<title>Mentions l\u00e9gales - Sprachkurse Rueegg<\/title>\n<meta name=\"robots\" content=\"index, follow, max-snippet:-1, max-image-preview:large, max-video-preview:-1\" \/>\n<link rel=\"canonical\" href=\"https:\/\/www.sprachkurse-mrueegg.ch\/fr\/mentions-legales\/\" \/>\n<meta property=\"og:locale\" content=\"fr_FR\" \/>\n<meta property=\"og:type\" content=\"article\" \/>\n<meta property=\"og:title\" content=\"Mentions l\u00e9gales - Sprachkurse Rueegg\" \/>\n<meta property=\"og:description\" content=\"Mentions l\u00e9gales Adresse de contact Cours de langues M. R\u00fceggMichael R\u00fceggRue du Nord 233960 Muraz \/ Sierre Email: info@sprachkurse-mrueegg.chTel: +41 78 710 76 25 Personne autoris\u00e9e \u00e0 repr\u00e9senter Michael R\u00fcegg &#8211; Propri\u00e9taire Clause de non-responsabilit\u00e9 L&rsquo;auteur ne garantit en aucune mani\u00e8re l&rsquo;exactitude, la pr\u00e9cision, l&rsquo;actualit\u00e9, la fiabilit\u00e9 ou l&rsquo;exhaustivit\u00e9 des informations. Toute responsabilit\u00e9 de l&rsquo;auteur [&hellip;]\" \/>\n<meta property=\"og:url\" content=\"https:\/\/www.sprachkurse-mrueegg.ch\/fr\/mentions-legales\/\" \/>\n<meta property=\"og:site_name\" content=\"Sprachkurse Rueegg\" \/>\n<meta property=\"article:modified_time\" content=\"2024-10-29T10:56:18+00:00\" \/>\n<meta name=\"twitter:card\" content=\"summary_large_image\" \/>\n<meta name=\"twitter:label1\" content=\"Dur\u00e9e de lecture estim\u00e9e\" \/>\n\t<meta name=\"twitter:data1\" content=\"2 minutes\" \/>\n<script type=\"application\/ld+json\" class=\"yoast-schema-graph\">{\"@context\":\"https:\\\/\\\/schema.org\",\"@graph\":[{\"@type\":\"WebPage\",\"@id\":\"https:\\\/\\\/www.sprachkurse-mrueegg.ch\\\/fr\\\/mentions-legales\\\/\",\"url\":\"https:\\\/\\\/www.sprachkurse-mrueegg.ch\\\/fr\\\/mentions-legales\\\/\",\"name\":\"Mentions l\u00e9gales - Sprachkurse Rueegg\",\"isPartOf\":{\"@id\":\"https:\\\/\\\/www.sprachkurse-mrueegg.ch\\\/fr\\\/#website\"},\"datePublished\":\"2024-08-12T10:29:38+00:00\",\"dateModified\":\"2024-10-29T10:56:18+00:00\",\"breadcrumb\":{\"@id\":\"https:\\\/\\\/www.sprachkurse-mrueegg.ch\\\/fr\\\/mentions-legales\\\/#breadcrumb\"},\"inLanguage\":\"fr-FR\",\"potentialAction\":[{\"@type\":\"ReadAction\",\"target\":[\"https:\\\/\\\/www.sprachkurse-mrueegg.ch\\\/fr\\\/mentions-legales\\\/\"]}]},{\"@type\":\"BreadcrumbList\",\"@id\":\"https:\\\/\\\/www.sprachkurse-mrueegg.ch\\\/fr\\\/mentions-legales\\\/#breadcrumb\",\"itemListElement\":[{\"@type\":\"ListItem\",\"position\":1,\"name\":\"Startseite\",\"item\":\"https:\\\/\\\/www.sprachkurse-mrueegg.ch\\\/fr\\\/\"},{\"@type\":\"ListItem\",\"position\":2,\"name\":\"Mentions l\u00e9gales\"}]},{\"@type\":\"WebSite\",\"@id\":\"https:\\\/\\\/www.sprachkurse-mrueegg.ch\\\/fr\\\/#website\",\"url\":\"https:\\\/\\\/www.sprachkurse-mrueegg.ch\\\/fr\\\/\",\"name\":\"Sprachkurse Rueegg\",\"description\":\"Sprachkurse Deutsch, Franz\u00f6sisch und Italienisch\",\"potentialAction\":[{\"@type\":\"SearchAction\",\"target\":{\"@type\":\"EntryPoint\",\"urlTemplate\":\"https:\\\/\\\/www.sprachkurse-mrueegg.ch\\\/fr\\\/?s={search_term_string}\"},\"query-input\":{\"@type\":\"PropertyValueSpecification\",\"valueRequired\":true,\"valueName\":\"search_term_string\"}}],\"inLanguage\":\"fr-FR\"}]}<\/script>\n<!-- \/ Yoast SEO plugin. -->","yoast_head_json":{"title":"Mentions l\u00e9gales - Sprachkurse Rueegg","robots":{"index":"index","follow":"follow","max-snippet":"max-snippet:-1","max-image-preview":"max-image-preview:large","max-video-preview":"max-video-preview:-1"},"canonical":"https:\/\/www.sprachkurse-mrueegg.ch\/fr\/mentions-legales\/","og_locale":"fr_FR","og_type":"article","og_title":"Mentions l\u00e9gales - Sprachkurse Rueegg","og_description":"Mentions l\u00e9gales Adresse de contact Cours de langues M. R\u00fceggMichael R\u00fceggRue du Nord 233960 Muraz \/ Sierre Email: info@sprachkurse-mrueegg.chTel: +41 78 710 76 25 Personne autoris\u00e9e \u00e0 repr\u00e9senter Michael R\u00fcegg &#8211; Propri\u00e9taire Clause de non-responsabilit\u00e9 L&rsquo;auteur ne garantit en aucune mani\u00e8re l&rsquo;exactitude, la pr\u00e9cision, l&rsquo;actualit\u00e9, la fiabilit\u00e9 ou l&rsquo;exhaustivit\u00e9 des informations. Toute responsabilit\u00e9 de l&rsquo;auteur [&hellip;]","og_url":"https:\/\/www.sprachkurse-mrueegg.ch\/fr\/mentions-legales\/","og_site_name":"Sprachkurse Rueegg","article_modified_time":"2024-10-29T10:56:18+00:00","twitter_card":"summary_large_image","twitter_misc":{"Dur\u00e9e de lecture estim\u00e9e":"2 minutes"},"schema":{"@context":"https:\/\/schema.org","@graph":[{"@type":"WebPage","@id":"https:\/\/www.sprachkurse-mrueegg.ch\/fr\/mentions-legales\/","url":"https:\/\/www.sprachkurse-mrueegg.ch\/fr\/mentions-legales\/","name":"Mentions l\u00e9gales - Sprachkurse Rueegg","isPartOf":{"@id":"https:\/\/www.sprachkurse-mrueegg.ch\/fr\/#website"},"datePublished":"2024-08-12T10:29:38+00:00","dateModified":"2024-10-29T10:56:18+00:00","breadcrumb":{"@id":"https:\/\/www.sprachkurse-mrueegg.ch\/fr\/mentions-legales\/#breadcrumb"},"inLanguage":"fr-FR","potentialAction":[{"@type":"ReadAction","target":["https:\/\/www.sprachkurse-mrueegg.ch\/fr\/mentions-legales\/"]}]},{"@type":"BreadcrumbList","@id":"https:\/\/www.sprachkurse-mrueegg.ch\/fr\/mentions-legales\/#breadcrumb","itemListElement":[{"@type":"ListItem","position":1,"name":"Startseite","item":"https:\/\/www.sprachkurse-mrueegg.ch\/fr\/"},{"@type":"ListItem","position":2,"name":"Mentions l\u00e9gales"}]},{"@type":"WebSite","@id":"https:\/\/www.sprachkurse-mrueegg.ch\/fr\/#website","url":"https:\/\/www.sprachkurse-mrueegg.ch\/fr\/","name":"Sprachkurse Rueegg","description":"Sprachkurse Deutsch, Franz\u00f6sisch und Italienisch","potentialAction":[{"@type":"SearchAction","target":{"@type":"EntryPoint","urlTemplate":"https:\/\/www.sprachkurse-mrueegg.ch\/fr\/?s={search_term_string}"},"query-input":{"@type":"PropertyValueSpecification","valueRequired":true,"valueName":"search_term_string"}}],"inLanguage":"fr-FR"}]}},"_links":{"self":[{"href":"https:\/\/www.sprachkurse-mrueegg.ch\/fr\/wp-json\/wp\/v2\/pages\/487","targetHints":{"allow":["GET"]}}],"collection":[{"href":"https:\/\/www.sprachkurse-mrueegg.ch\/fr\/wp-json\/wp\/v2\/pages"}],"about":[{"href":"https:\/\/www.sprachkurse-mrueegg.ch\/fr\/wp-json\/wp\/v2\/types\/page"}],"author":[{"embeddable":true,"href":"https:\/\/www.sprachkurse-mrueegg.ch\/fr\/wp-json\/wp\/v2\/users\/1"}],"replies":[{"embeddable":true,"href":"https:\/\/www.sprachkurse-mrueegg.ch\/fr\/wp-json\/wp\/v2\/comments?post=487"}],"version-history":[{"count":6,"href":"https:\/\/www.sprachkurse-mrueegg.ch\/fr\/wp-json\/wp\/v2\/pages\/487\/revisions"}],"predecessor-version":[{"id":700,"href":"https:\/\/www.sprachkurse-mrueegg.ch\/fr\/wp-json\/wp\/v2\/pages\/487\/revisions\/700"}],"wp:attachment":[{"href":"https:\/\/www.sprachkurse-mrueegg.ch\/fr\/wp-json\/wp\/v2\/media?parent=487"}],"curies":[{"name":"wp","href":"https:\/\/api.w.org\/{rel}","templated":true}]}}