{"id":486,"date":"2024-08-12T12:29:38","date_gmt":"2024-08-12T10:29:38","guid":{"rendered":"https:\/\/www.sprachkurse-mrueegg.ch\/?page_id=486"},"modified":"2024-10-29T11:57:34","modified_gmt":"2024-10-29T10:57:34","slug":"informazioni-legali","status":"publish","type":"page","link":"https:\/\/www.sprachkurse-mrueegg.ch\/it\/informazioni-legali\/","title":{"rendered":"Informazioni legali"},"content":{"rendered":"\t\t<div data-elementor-type=\"wp-page\" data-elementor-id=\"486\" class=\"elementor elementor-486 elementor-485\" data-elementor-post-type=\"page\">\n\t\t\t\t<div class=\"elementor-element elementor-element-436ec35 e-flex e-con-boxed e-con e-parent\" data-id=\"436ec35\" data-element_type=\"container\" data-e-type=\"container\" data-settings=\"{&quot;background_background&quot;:&quot;classic&quot;}\">\n\t\t\t\t\t<div class=\"e-con-inner\">\n\t\t<div class=\"elementor-element elementor-element-571ff64 e-con-full e-flex e-con e-child\" data-id=\"571ff64\" data-element_type=\"container\" data-e-type=\"container\">\n\t\t\t\t<div class=\"elementor-element elementor-element-f3133c2 elementor-widget elementor-widget-heading\" data-id=\"f3133c2\" data-element_type=\"widget\" data-e-type=\"widget\" data-widget_type=\"heading.default\">\n\t\t\t\t<div class=\"elementor-widget-container\">\n\t\t\t\t\t<h1 class=\"elementor-heading-title elementor-size-default\">Informazioni legali<\/h1>\t\t\t\t<\/div>\n\t\t\t\t<\/div>\n\t\t\t\t<\/div>\n\t\t\t\t\t<\/div>\n\t\t\t\t<\/div>\n\t\t<div class=\"elementor-element elementor-element-231bbe7c e-flex e-con-boxed e-con e-parent\" data-id=\"231bbe7c\" data-element_type=\"container\" data-e-type=\"container\" data-settings=\"{&quot;background_background&quot;:&quot;classic&quot;}\">\n\t\t\t\t\t<div class=\"e-con-inner\">\n\t\t<div class=\"elementor-element elementor-element-30585059 e-con-full e-flex e-con e-child\" data-id=\"30585059\" data-element_type=\"container\" data-e-type=\"container\">\n\t\t\t\t<div class=\"elementor-element elementor-element-f59efaf elementor-widget elementor-widget-heading\" data-id=\"f59efaf\" data-element_type=\"widget\" data-e-type=\"widget\" data-widget_type=\"heading.default\">\n\t\t\t\t<div class=\"elementor-widget-container\">\n\t\t\t\t\t<h2 class=\"elementor-heading-title elementor-size-default\">Indirizzo di contatto<\/h2>\t\t\t\t<\/div>\n\t\t\t\t<\/div>\n\t\t\t\t<div class=\"elementor-element elementor-element-55067d8a elementor-widget elementor-widget-text-editor\" data-id=\"55067d8a\" data-element_type=\"widget\" data-e-type=\"widget\" data-widget_type=\"text-editor.default\">\n\t\t\t\t<div class=\"elementor-widget-container\">\n\t\t\t\t\t\t\t\t\t<p>Corsi di lingua M. R\u00fcegg<br \/>Michael R\u00fcegg<br \/>Rue du Nord 23<br \/>3960 Muraz \/ Sierre<\/p><p>Email: info@sprachkurse-mrueegg.ch<br \/>Tel: +41 78 710 76 25<\/p>\t\t\t\t\t\t\t\t<\/div>\n\t\t\t\t<\/div>\n\t\t\t\t<\/div>\n\t\t\t\t\t<\/div>\n\t\t\t\t<\/div>\n\t\t<div class=\"elementor-element elementor-element-ca85bd4 e-flex e-con-boxed e-con e-parent\" data-id=\"ca85bd4\" data-element_type=\"container\" data-e-type=\"container\" data-settings=\"{&quot;background_background&quot;:&quot;classic&quot;}\">\n\t\t\t\t\t<div class=\"e-con-inner\">\n\t\t<div class=\"elementor-element elementor-element-125f897 e-con-full e-flex e-con e-child\" data-id=\"125f897\" data-element_type=\"container\" data-e-type=\"container\">\n\t\t\t\t<div class=\"elementor-element elementor-element-88ef2ca elementor-widget elementor-widget-heading\" data-id=\"88ef2ca\" data-element_type=\"widget\" data-e-type=\"widget\" data-widget_type=\"heading.default\">\n\t\t\t\t<div class=\"elementor-widget-container\">\n\t\t\t\t\t<h2 class=\"elementor-heading-title elementor-size-default\">Persona autorizzata a rappresentare<\/h2>\t\t\t\t<\/div>\n\t\t\t\t<\/div>\n\t\t\t\t<div class=\"elementor-element elementor-element-3a61bb4 elementor-widget elementor-widget-text-editor\" data-id=\"3a61bb4\" data-element_type=\"widget\" data-e-type=\"widget\" data-widget_type=\"text-editor.default\">\n\t\t\t\t<div class=\"elementor-widget-container\">\n\t\t\t\t\t\t\t\t\t<p>Michael R\u00fcegg &#8211; Proprietario<\/p>\n\t\t\t\t\t\t\t\t<\/div>\n\t\t\t\t<\/div>\n\t\t\t\t<\/div>\n\t\t\t\t\t<\/div>\n\t\t\t\t<\/div>\n\t\t<div class=\"elementor-element elementor-element-085de47 e-flex e-con-boxed e-con e-parent\" data-id=\"085de47\" data-element_type=\"container\" data-e-type=\"container\" data-settings=\"{&quot;background_background&quot;:&quot;classic&quot;}\">\n\t\t\t\t\t<div class=\"e-con-inner\">\n\t\t<div class=\"elementor-element elementor-element-7df6a3f e-con-full e-flex e-con e-child\" data-id=\"7df6a3f\" data-element_type=\"container\" data-e-type=\"container\">\n\t\t\t\t<div class=\"elementor-element elementor-element-4d9ed07 elementor-widget elementor-widget-heading\" data-id=\"4d9ed07\" data-element_type=\"widget\" data-e-type=\"widget\" data-widget_type=\"heading.default\">\n\t\t\t\t<div class=\"elementor-widget-container\">\n\t\t\t\t\t<h2 class=\"elementor-heading-title elementor-size-default\">Esclusione di responsabilit\u00e0<\/h2>\t\t\t\t<\/div>\n\t\t\t\t<\/div>\n\t\t\t\t<div class=\"elementor-element elementor-element-4a93f8f elementor-widget elementor-widget-text-editor\" data-id=\"4a93f8f\" data-element_type=\"widget\" data-e-type=\"widget\" data-widget_type=\"text-editor.default\">\n\t\t\t\t<div class=\"elementor-widget-container\">\n\t\t\t\t\t\t\t\t\t<p>L&#8217;autore non fornisce alcuna garanzia in merito alla correttezza, accuratezza, attualit\u00e0, affidabilit\u00e0 o completezza delle informazioni.<\/p>\n<p>Sono escluse richieste di risarcimento contro l&#8217;autore per danni materiali o immateriali derivanti dall&#8217;accesso, utilizzo o mancato utilizzo delle informazioni pubblicate, dall&#8217;abuso della connessione o da guasti tecnici.<\/p>\n<p>Tutte le offerte sono senza impegno. L&#8217;autore si riserva espressamente il diritto di modificare, completare, eliminare o cessare temporaneamente o definitivamente la pubblicazione di parti delle pagine o dell&#8217;intera offerta senza preavviso.<\/p>\n\t\t\t\t\t\t\t\t<\/div>\n\t\t\t\t<\/div>\n\t\t\t\t<\/div>\n\t\t\t\t\t<\/div>\n\t\t\t\t<\/div>\n\t\t<div class=\"elementor-element elementor-element-af82036 e-flex e-con-boxed e-con e-parent\" data-id=\"af82036\" data-element_type=\"container\" data-e-type=\"container\" data-settings=\"{&quot;background_background&quot;:&quot;classic&quot;}\">\n\t\t\t\t\t<div class=\"e-con-inner\">\n\t\t<div class=\"elementor-element elementor-element-615d75d e-con-full e-flex e-con e-child\" data-id=\"615d75d\" data-element_type=\"container\" data-e-type=\"container\">\n\t\t\t\t<div class=\"elementor-element elementor-element-e8850e4 elementor-widget elementor-widget-heading\" data-id=\"e8850e4\" data-element_type=\"widget\" data-e-type=\"widget\" data-widget_type=\"heading.default\">\n\t\t\t\t<div class=\"elementor-widget-container\">\n\t\t\t\t\t<h2 class=\"elementor-heading-title elementor-size-default\">Esclusione di responsabilit\u00e0 per i link<\/h2>\t\t\t\t<\/div>\n\t\t\t\t<\/div>\n\t\t\t\t<div class=\"elementor-element elementor-element-9354a03 elementor-widget elementor-widget-text-editor\" data-id=\"9354a03\" data-element_type=\"widget\" data-e-type=\"widget\" data-widget_type=\"text-editor.default\">\n\t\t\t\t<div class=\"elementor-widget-container\">\n\t\t\t\t\t\t\t\t\t<p>I riferimenti e i link a siti web di terzi sono al di fuori della nostra responsabilit\u00e0. Ogni responsabilit\u00e0 per tali siti web \u00e8 respinta. L&#8217;accesso e l&#8217;utilizzo di tali siti avvengono a rischio e pericolo dell&#8217;utente.<\/p>\n\t\t\t\t\t\t\t\t<\/div>\n\t\t\t\t<\/div>\n\t\t\t\t<\/div>\n\t\t\t\t\t<\/div>\n\t\t\t\t<\/div>\n\t\t<div class=\"elementor-element elementor-element-8296a4f e-flex e-con-boxed e-con e-parent\" data-id=\"8296a4f\" data-element_type=\"container\" data-e-type=\"container\" data-settings=\"{&quot;background_background&quot;:&quot;classic&quot;}\">\n\t\t\t\t\t<div class=\"e-con-inner\">\n\t\t<div class=\"elementor-element elementor-element-f6a9ae0 e-con-full e-flex e-con e-child\" data-id=\"f6a9ae0\" data-element_type=\"container\" data-e-type=\"container\">\n\t\t\t\t<div class=\"elementor-element elementor-element-e212292 elementor-widget elementor-widget-heading\" data-id=\"e212292\" data-element_type=\"widget\" data-e-type=\"widget\" data-widget_type=\"heading.default\">\n\t\t\t\t<div class=\"elementor-widget-container\">\n\t\t\t\t\t<h2 class=\"elementor-heading-title elementor-size-default\">Diritti d'autore<\/h2>\t\t\t\t<\/div>\n\t\t\t\t<\/div>\n\t\t\t\t<div class=\"elementor-element elementor-element-b822775 elementor-widget elementor-widget-text-editor\" data-id=\"b822775\" data-element_type=\"widget\" data-e-type=\"widget\" data-widget_type=\"text-editor.default\">\n\t\t\t\t<div class=\"elementor-widget-container\">\n\t\t\t\t\t\t\t\t\t<p>I diritti d&#8217;autore e tutti gli altri diritti sui contenuti, immagini, foto o altri file presenti su questo sito appartengono esclusivamente all&#8217;azienda &#8220;Corsi di lingua M. R\u00fcegg&#8221; o ai titolari dei diritti espressamente menzionati. Per la riproduzione di qualsiasi elemento \u00e8 necessario ottenere preventivamente il consenso scritto del titolare dei diritti d&#8217;autore.<br \/>Le immagini su questo sito web sono state scattate da noi o acquistate sotto licenza da Adobe Stock.<\/p><p>Fonte: <a href=\"https:\/\/www.swissanwalt.ch\/\">SwissAnwalt<\/a><\/p>\t\t\t\t\t\t\t\t<\/div>\n\t\t\t\t<\/div>\n\t\t\t\t<\/div>\n\t\t\t\t\t<\/div>\n\t\t\t\t<\/div>\n\t\t\t\t<\/div>\n\t\t","protected":false},"excerpt":{"rendered":"<p>Informazioni legali Indirizzo di contatto Corsi di lingua M. R\u00fceggMichael R\u00fceggRue du Nord 233960 Muraz \/ Sierre Email: info@sprachkurse-mrueegg.chTel: +41 78 710 76 25 Persona autorizzata a rappresentare Michael R\u00fcegg &#8211; Proprietario Esclusione di responsabilit\u00e0 L&#8217;autore non fornisce alcuna garanzia in merito alla correttezza, accuratezza, attualit\u00e0, affidabilit\u00e0 o completezza delle informazioni. Sono escluse richieste di [&hellip;]<\/p>\n","protected":false},"author":1,"featured_media":0,"parent":0,"menu_order":0,"comment_status":"closed","ping_status":"closed","template":"","meta":{"footnotes":""},"class_list":["post-486","page","type-page","status-publish","hentry"],"yoast_head":"<!-- This site is optimized with the Yoast SEO plugin v27.3 - https:\/\/yoast.com\/product\/yoast-seo-wordpress\/ -->\n<title>Informazioni legali - Sprachkurse Rueegg<\/title>\n<meta name=\"robots\" content=\"index, follow, max-snippet:-1, max-image-preview:large, max-video-preview:-1\" \/>\n<link rel=\"canonical\" href=\"https:\/\/www.sprachkurse-mrueegg.ch\/it\/informazioni-legali\/\" \/>\n<meta property=\"og:locale\" content=\"it_IT\" \/>\n<meta property=\"og:type\" content=\"article\" \/>\n<meta property=\"og:title\" content=\"Informazioni legali - Sprachkurse Rueegg\" \/>\n<meta property=\"og:description\" content=\"Informazioni legali Indirizzo di contatto Corsi di lingua M. R\u00fceggMichael R\u00fceggRue du Nord 233960 Muraz \/ Sierre Email: info@sprachkurse-mrueegg.chTel: +41 78 710 76 25 Persona autorizzata a rappresentare Michael R\u00fcegg &#8211; Proprietario Esclusione di responsabilit\u00e0 L&#8217;autore non fornisce alcuna garanzia in merito alla correttezza, accuratezza, attualit\u00e0, affidabilit\u00e0 o completezza delle informazioni. Sono escluse richieste di [&hellip;]\" \/>\n<meta property=\"og:url\" content=\"https:\/\/www.sprachkurse-mrueegg.ch\/it\/informazioni-legali\/\" \/>\n<meta property=\"og:site_name\" content=\"Sprachkurse Rueegg\" \/>\n<meta property=\"article:modified_time\" content=\"2024-10-29T10:57:34+00:00\" \/>\n<meta name=\"twitter:card\" content=\"summary_large_image\" \/>\n<meta name=\"twitter:label1\" content=\"Tempo di lettura stimato\" \/>\n\t<meta name=\"twitter:data1\" content=\"2 minuti\" \/>\n<script type=\"application\/ld+json\" class=\"yoast-schema-graph\">{\"@context\":\"https:\\\/\\\/schema.org\",\"@graph\":[{\"@type\":\"WebPage\",\"@id\":\"https:\\\/\\\/www.sprachkurse-mrueegg.ch\\\/it\\\/informazioni-legali\\\/\",\"url\":\"https:\\\/\\\/www.sprachkurse-mrueegg.ch\\\/it\\\/informazioni-legali\\\/\",\"name\":\"Informazioni legali - Sprachkurse Rueegg\",\"isPartOf\":{\"@id\":\"https:\\\/\\\/www.sprachkurse-mrueegg.ch\\\/it\\\/#website\"},\"datePublished\":\"2024-08-12T10:29:38+00:00\",\"dateModified\":\"2024-10-29T10:57:34+00:00\",\"breadcrumb\":{\"@id\":\"https:\\\/\\\/www.sprachkurse-mrueegg.ch\\\/it\\\/informazioni-legali\\\/#breadcrumb\"},\"inLanguage\":\"it-IT\",\"potentialAction\":[{\"@type\":\"ReadAction\",\"target\":[\"https:\\\/\\\/www.sprachkurse-mrueegg.ch\\\/it\\\/informazioni-legali\\\/\"]}]},{\"@type\":\"BreadcrumbList\",\"@id\":\"https:\\\/\\\/www.sprachkurse-mrueegg.ch\\\/it\\\/informazioni-legali\\\/#breadcrumb\",\"itemListElement\":[{\"@type\":\"ListItem\",\"position\":1,\"name\":\"Startseite\",\"item\":\"https:\\\/\\\/www.sprachkurse-mrueegg.ch\\\/it\\\/\"},{\"@type\":\"ListItem\",\"position\":2,\"name\":\"Informazioni legali\"}]},{\"@type\":\"WebSite\",\"@id\":\"https:\\\/\\\/www.sprachkurse-mrueegg.ch\\\/it\\\/#website\",\"url\":\"https:\\\/\\\/www.sprachkurse-mrueegg.ch\\\/it\\\/\",\"name\":\"Sprachkurse Rueegg\",\"description\":\"Sprachkurse Deutsch, Franz\u00f6sisch und Italienisch\",\"potentialAction\":[{\"@type\":\"SearchAction\",\"target\":{\"@type\":\"EntryPoint\",\"urlTemplate\":\"https:\\\/\\\/www.sprachkurse-mrueegg.ch\\\/it\\\/?s={search_term_string}\"},\"query-input\":{\"@type\":\"PropertyValueSpecification\",\"valueRequired\":true,\"valueName\":\"search_term_string\"}}],\"inLanguage\":\"it-IT\"}]}<\/script>\n<!-- \/ Yoast SEO plugin. -->","yoast_head_json":{"title":"Informazioni legali - Sprachkurse Rueegg","robots":{"index":"index","follow":"follow","max-snippet":"max-snippet:-1","max-image-preview":"max-image-preview:large","max-video-preview":"max-video-preview:-1"},"canonical":"https:\/\/www.sprachkurse-mrueegg.ch\/it\/informazioni-legali\/","og_locale":"it_IT","og_type":"article","og_title":"Informazioni legali - Sprachkurse Rueegg","og_description":"Informazioni legali Indirizzo di contatto Corsi di lingua M. R\u00fceggMichael R\u00fceggRue du Nord 233960 Muraz \/ Sierre Email: info@sprachkurse-mrueegg.chTel: +41 78 710 76 25 Persona autorizzata a rappresentare Michael R\u00fcegg &#8211; Proprietario Esclusione di responsabilit\u00e0 L&#8217;autore non fornisce alcuna garanzia in merito alla correttezza, accuratezza, attualit\u00e0, affidabilit\u00e0 o completezza delle informazioni. Sono escluse richieste di [&hellip;]","og_url":"https:\/\/www.sprachkurse-mrueegg.ch\/it\/informazioni-legali\/","og_site_name":"Sprachkurse Rueegg","article_modified_time":"2024-10-29T10:57:34+00:00","twitter_card":"summary_large_image","twitter_misc":{"Tempo di lettura stimato":"2 minuti"},"schema":{"@context":"https:\/\/schema.org","@graph":[{"@type":"WebPage","@id":"https:\/\/www.sprachkurse-mrueegg.ch\/it\/informazioni-legali\/","url":"https:\/\/www.sprachkurse-mrueegg.ch\/it\/informazioni-legali\/","name":"Informazioni legali - Sprachkurse Rueegg","isPartOf":{"@id":"https:\/\/www.sprachkurse-mrueegg.ch\/it\/#website"},"datePublished":"2024-08-12T10:29:38+00:00","dateModified":"2024-10-29T10:57:34+00:00","breadcrumb":{"@id":"https:\/\/www.sprachkurse-mrueegg.ch\/it\/informazioni-legali\/#breadcrumb"},"inLanguage":"it-IT","potentialAction":[{"@type":"ReadAction","target":["https:\/\/www.sprachkurse-mrueegg.ch\/it\/informazioni-legali\/"]}]},{"@type":"BreadcrumbList","@id":"https:\/\/www.sprachkurse-mrueegg.ch\/it\/informazioni-legali\/#breadcrumb","itemListElement":[{"@type":"ListItem","position":1,"name":"Startseite","item":"https:\/\/www.sprachkurse-mrueegg.ch\/it\/"},{"@type":"ListItem","position":2,"name":"Informazioni legali"}]},{"@type":"WebSite","@id":"https:\/\/www.sprachkurse-mrueegg.ch\/it\/#website","url":"https:\/\/www.sprachkurse-mrueegg.ch\/it\/","name":"Sprachkurse Rueegg","description":"Sprachkurse Deutsch, Franz\u00f6sisch und Italienisch","potentialAction":[{"@type":"SearchAction","target":{"@type":"EntryPoint","urlTemplate":"https:\/\/www.sprachkurse-mrueegg.ch\/it\/?s={search_term_string}"},"query-input":{"@type":"PropertyValueSpecification","valueRequired":true,"valueName":"search_term_string"}}],"inLanguage":"it-IT"}]}},"_links":{"self":[{"href":"https:\/\/www.sprachkurse-mrueegg.ch\/it\/wp-json\/wp\/v2\/pages\/486","targetHints":{"allow":["GET"]}}],"collection":[{"href":"https:\/\/www.sprachkurse-mrueegg.ch\/it\/wp-json\/wp\/v2\/pages"}],"about":[{"href":"https:\/\/www.sprachkurse-mrueegg.ch\/it\/wp-json\/wp\/v2\/types\/page"}],"author":[{"embeddable":true,"href":"https:\/\/www.sprachkurse-mrueegg.ch\/it\/wp-json\/wp\/v2\/users\/1"}],"replies":[{"embeddable":true,"href":"https:\/\/www.sprachkurse-mrueegg.ch\/it\/wp-json\/wp\/v2\/comments?post=486"}],"version-history":[{"count":8,"href":"https:\/\/www.sprachkurse-mrueegg.ch\/it\/wp-json\/wp\/v2\/pages\/486\/revisions"}],"predecessor-version":[{"id":703,"href":"https:\/\/www.sprachkurse-mrueegg.ch\/it\/wp-json\/wp\/v2\/pages\/486\/revisions\/703"}],"wp:attachment":[{"href":"https:\/\/www.sprachkurse-mrueegg.ch\/it\/wp-json\/wp\/v2\/media?parent=486"}],"curies":[{"name":"wp","href":"https:\/\/api.w.org\/{rel}","templated":true}]}}